{"id":2108,"date":"2024-07-03T20:12:07","date_gmt":"2024-07-03T20:12:07","guid":{"rendered":"https:\/\/gusto-lab.com\/?page_id=2108"},"modified":"2026-04-15T17:58:48","modified_gmt":"2026-04-15T17:58:48","slug":"team","status":"publish","type":"page","link":"https:\/\/gusto-lab.com\/en\/team\/","title":{"rendered":"Team"},"content":{"rendered":"\t\t<div data-elementor-type=\"wp-page\" data-elementor-id=\"2108\" class=\"elementor elementor-2108 elementor-246\" data-elementor-post-type=\"page\">\n\t\t\t\t<div class=\"elementor-element elementor-element-de226cd e-con-full home-hero-alt e-flex e-con e-parent\" data-id=\"de226cd\" data-element_type=\"container\" data-e-type=\"container\" data-settings=\"{&quot;background_background&quot;:&quot;classic&quot;}\">\n\t\t<div class=\"elementor-element elementor-element-f7a990c e-con-full e-flex e-con e-child\" data-id=\"f7a990c\" data-element_type=\"container\" data-e-type=\"container\">\n\t\t\t\t<div class=\"elementor-element elementor-element-2ac3ae0 elementor-widget elementor-widget-heading\" data-id=\"2ac3ae0\" data-element_type=\"widget\" data-e-type=\"widget\" data-widget_type=\"heading.default\">\n\t\t\t\t<div class=\"elementor-widget-container\">\n\t\t\t\t\t<h2 class=\"elementor-heading-title elementor-size-default\">Team<\/h2>\t\t\t\t<\/div>\n\t\t\t\t<\/div>\n\t\t\t\t<\/div>\n\t\t<div class=\"elementor-element elementor-element-072318c e-con-full e-flex e-con e-child\" data-id=\"072318c\" data-element_type=\"container\" data-e-type=\"container\">\n\t\t\t\t<div class=\"elementor-element elementor-element-6348f79 elementor-widget elementor-widget-image\" data-id=\"6348f79\" data-element_type=\"widget\" data-e-type=\"widget\" data-widget_type=\"image.default\">\n\t\t\t\t<div class=\"elementor-widget-container\">\n\t\t\t\t\t\t\t\t\t\t\t\t\t\t\t<img fetchpriority=\"high\" decoding=\"async\" width=\"800\" height=\"800\" src=\"https:\/\/gusto-lab.com\/wp-content\/uploads\/2025\/06\/Photos-dequipe-3-1024x1024.png\" class=\"attachment-large size-large wp-image-1470\" alt=\"\" srcset=\"https:\/\/gusto-lab.com\/wp-content\/uploads\/2025\/06\/Photos-dequipe-3-1024x1024.png 1024w, https:\/\/gusto-lab.com\/wp-content\/uploads\/2025\/06\/Photos-dequipe-3-300x300.png 300w, https:\/\/gusto-lab.com\/wp-content\/uploads\/2025\/06\/Photos-dequipe-3-150x150.png 150w, https:\/\/gusto-lab.com\/wp-content\/uploads\/2025\/06\/Photos-dequipe-3-768x768.png 768w, https:\/\/gusto-lab.com\/wp-content\/uploads\/2025\/06\/Photos-dequipe-3-1536x1536.png 1536w, https:\/\/gusto-lab.com\/wp-content\/uploads\/2025\/06\/Photos-dequipe-3-2048x2048.png 2048w\" sizes=\"(max-width: 800px) 100vw, 800px\" \/>\t\t\t\t\t\t\t\t\t\t\t\t\t\t\t<\/div>\n\t\t\t\t<\/div>\n\t\t\t\t<\/div>\n\t\t\t\t<\/div>\n\t\t<div class=\"elementor-element elementor-element-566a8d5 e-flex e-con-boxed e-con e-parent\" data-id=\"566a8d5\" data-element_type=\"container\" data-e-type=\"container\" data-settings=\"{&quot;background_background&quot;:&quot;classic&quot;}\">\n\t\t\t\t\t<div class=\"e-con-inner\">\n\t\t<div class=\"elementor-element elementor-element-c98716c e-con-full e-flex e-con e-child\" data-id=\"c98716c\" data-element_type=\"container\" data-e-type=\"container\">\n\t\t\t\t<div class=\"elementor-element elementor-element-c98ce2a elementor-widget elementor-widget-image\" data-id=\"c98ce2a\" data-element_type=\"widget\" data-e-type=\"widget\" data-widget_type=\"image.default\">\n\t\t\t\t<div class=\"elementor-widget-container\">\n\t\t\t\t\t\t\t\t\t\t\t\t\t\t\t\t<a href=\"https:\/\/gusto-lab.com\/en\/frederique-poncet-erg-phd\/\">\n\t\t\t\t\t\t\t<img decoding=\"async\" width=\"300\" height=\"300\" src=\"https:\/\/gusto-lab.com\/wp-content\/uploads\/2025\/04\/Frederique_poncet_2022-1024x576-1-300x300.jpg\" class=\"attachment-medium size-medium wp-image-972\" alt=\"Frederique_poncet_2022-1024x576\" srcset=\"https:\/\/gusto-lab.com\/wp-content\/uploads\/2025\/04\/Frederique_poncet_2022-1024x576-1-300x300.jpg 300w, https:\/\/gusto-lab.com\/wp-content\/uploads\/2025\/04\/Frederique_poncet_2022-1024x576-1-150x150.jpg 150w, https:\/\/gusto-lab.com\/wp-content\/uploads\/2025\/04\/Frederique_poncet_2022-1024x576-1.jpg 576w\" sizes=\"(max-width: 300px) 100vw, 300px\" \/>\t\t\t\t\t\t\t\t<\/a>\n\t\t\t\t\t\t\t\t\t\t\t\t\t\t\t<\/div>\n\t\t\t\t<\/div>\n\t\t\t\t<\/div>\n\t\t<div class=\"elementor-element elementor-element-a992312 e-con-full e-flex e-con e-child\" data-id=\"a992312\" data-element_type=\"container\" data-e-type=\"container\">\n\t\t\t\t<div class=\"elementor-element elementor-element-1218a5d elementor-widget elementor-widget-heading\" data-id=\"1218a5d\" data-element_type=\"widget\" data-e-type=\"widget\" data-widget_type=\"heading.default\">\n\t\t\t\t<div class=\"elementor-widget-container\">\n\t\t\t\t\t<h2 class=\"elementor-heading-title elementor-size-default\"><a href=\"https:\/\/gusto-lab.com\/frederique-poncet\/\">Fr\u00e9d\u00e9rique Poncet, PhD, OT Erg.<\/a><\/h2>\t\t\t\t<\/div>\n\t\t\t\t<\/div>\n\t\t\t\t<div class=\"elementor-element elementor-element-b9d9fe0 elementor-widget elementor-widget-text-editor\" data-id=\"b9d9fe0\" data-element_type=\"widget\" data-e-type=\"widget\" data-widget_type=\"text-editor.default\">\n\t\t\t\t<div class=\"elementor-widget-container\">\n\t\t\t\t\t\t\t\t\t<p>Laboratory Director<\/p>\t\t\t\t\t\t\t\t<\/div>\n\t\t\t\t<\/div>\n\t\t\t\t<div class=\"elementor-element elementor-element-791a150 elementor-icon-list--layout-traditional elementor-list-item-link-full_width elementor-widget elementor-widget-icon-list\" data-id=\"791a150\" data-element_type=\"widget\" data-e-type=\"widget\" data-widget_type=\"icon-list.default\">\n\t\t\t\t<div class=\"elementor-widget-container\">\n\t\t\t\t\t\t\t<ul class=\"elementor-icon-list-items\">\n\t\t\t\t\t\t\t<li class=\"elementor-icon-list-item\">\n\t\t\t\t\t\t\t\t\t\t<span class=\"elementor-icon-list-text\"><strong>Institutional researcher<\/strong>, Centre de r\u00e9adaptation Lethbridge-Layton-Mackay (CRLLM), CIUSSS du Centre-Ouest de l\u2019\u00cele-de-Montr\u00e9al<\/span>\n\t\t\t\t\t\t\t\t\t<\/li>\n\t\t\t\t\t\t\t\t<li class=\"elementor-icon-list-item\">\n\t\t\t\t\t\t\t\t\t\t<span class=\"elementor-icon-list-text\"><strong>Associate Professor<\/strong>, School of Physical &amp; Occupational Therapy, McGill University<\/span>\n\t\t\t\t\t\t\t\t\t<\/li>\n\t\t\t\t\t\t\t\t<li class=\"elementor-icon-list-item\">\n\t\t\t\t\t\t\t\t\t\t<span class=\"elementor-icon-list-text\"><strong>Associate Professor<\/strong>, School of Optometry, Universit\u00e9 de Montr\u00e9al<\/span>\n\t\t\t\t\t\t\t\t\t<\/li>\n\t\t\t\t\t\t<\/ul>\n\t\t\t\t\t\t<\/div>\n\t\t\t\t<\/div>\n\t\t\t\t<div class=\"elementor-element elementor-element-6a37e06 elementor-align-left elementor-widget elementor-widget-button\" data-id=\"6a37e06\" data-element_type=\"widget\" data-e-type=\"widget\" data-widget_type=\"button.default\">\n\t\t\t\t<div class=\"elementor-widget-container\">\n\t\t\t\t\t\t\t\t\t<div class=\"elementor-button-wrapper\">\n\t\t\t\t\t<a class=\"elementor-button elementor-button-link elementor-size-sm\" href=\"https:\/\/gusto-lab.com\/en\/frederique-poncet-erg-phd\/\">\n\t\t\t\t\t\t<span class=\"elementor-button-content-wrapper\">\n\t\t\t\t\t\t\t\t\t<span class=\"elementor-button-text\">LEARN MORE<\/span>\n\t\t\t\t\t<\/span>\n\t\t\t\t\t<\/a>\n\t\t\t\t<\/div>\n\t\t\t\t\t\t\t\t<\/div>\n\t\t\t\t<\/div>\n\t\t\t\t<\/div>\n\t\t\t\t\t<\/div>\n\t\t\t\t<\/div>\n\t\t<div class=\"elementor-element elementor-element-c7464ef e-flex e-con-boxed e-con e-parent\" data-id=\"c7464ef\" data-element_type=\"container\" data-e-type=\"container\">\n\t\t\t\t\t<div class=\"e-con-inner\">\n\t\t<div class=\"elementor-element elementor-element-97964bd e-con-full e-flex e-con e-child\" data-id=\"97964bd\" data-element_type=\"container\" data-e-type=\"container\">\n\t\t\t\t<div class=\"elementor-element elementor-element-e810f64 elementor-widget elementor-widget-heading\" data-id=\"e810f64\" data-element_type=\"widget\" data-e-type=\"widget\" data-widget_type=\"heading.default\">\n\t\t\t\t<div class=\"elementor-widget-container\">\n\t\t\t\t\t<h2 class=\"elementor-heading-title elementor-size-default\">Lab Members<\/h2>\t\t\t\t<\/div>\n\t\t\t\t<\/div>\n\t\t\t\t<div class=\"elementor-element elementor-element-78eafe5 elementor-widget elementor-widget-text-editor\" data-id=\"78eafe5\" data-element_type=\"widget\" data-e-type=\"widget\" data-widget_type=\"text-editor.default\">\n\t\t\t\t<div class=\"elementor-widget-container\">\n\t\t\t\t\t\t\t\t\t<p>Research Staff:<\/p>\t\t\t\t\t\t\t\t<\/div>\n\t\t\t\t<\/div>\n\t\t\t\t<div class=\"elementor-element elementor-element-574edd3 elementor-widget elementor-widget-text-editor\" data-id=\"574edd3\" data-element_type=\"widget\" data-e-type=\"widget\" data-widget_type=\"text-editor.default\">\n\t\t\t\t<div class=\"elementor-widget-container\">\n\t\t\t\t\t\t\t\t\t<p><span style=\"font-weight: 400;\">Marie-Nadine Lamontagne, MSc GP, Project Coordinator, <\/span><a href=\"mailto:marie-nadine.lamontagne.ccomtl@ssss.gouv.qc.ca\"><span style=\"font-weight: 400;\">marie-nadine.lamontagne.ccomtl@ssss.gouv.qc.ca<\/span><\/a><\/p><p><span style=\"font-weight: 400;\">Cynthia Lasant\u00e9, Research Assistant (2024 \u2013 )<\/span><\/p>\t\t\t\t\t\t\t\t<\/div>\n\t\t\t\t<\/div>\n\t\t\t\t<div class=\"elementor-element elementor-element-44a6428 elementor-widget elementor-widget-text-editor\" data-id=\"44a6428\" data-element_type=\"widget\" data-e-type=\"widget\" data-widget_type=\"text-editor.default\">\n\t\t\t\t<div class=\"elementor-widget-container\">\n\t\t\t\t\t\t\t\t\t<p>Postdoctoral Fellows:<\/p>\t\t\t\t\t\t\t\t<\/div>\n\t\t\t\t<\/div>\n\t\t\t\t<div class=\"elementor-element elementor-element-514ab94 elementor-widget elementor-widget-text-editor\" data-id=\"514ab94\" data-element_type=\"widget\" data-e-type=\"widget\" data-widget_type=\"text-editor.default\">\n\t\t\t\t<div class=\"elementor-widget-container\">\n\t\t\t\t\t\t\t\t\t<p><span style=\"font-weight: 400;\">Catherine Hup\u00e9 (2024 \u2013 ), Ph.D. in Nursing Science, Universit\u00e9 de Montr\u00e9al<\/span><\/p><p><span style=\"font-weight: 400;\">Marine Thomasson, Postdoctoral Fellow (2024\u20132025), Ph.D. in Psychology, Clinical and Experimental Neuropsychology, University of Geneva<\/span><\/p>\t\t\t\t\t\t\t\t<\/div>\n\t\t\t\t<\/div>\n\t\t\t\t<div class=\"elementor-element elementor-element-b21a70e elementor-widget elementor-widget-text-editor\" data-id=\"b21a70e\" data-element_type=\"widget\" data-e-type=\"widget\" data-widget_type=\"text-editor.default\">\n\t\t\t\t<div class=\"elementor-widget-container\">\n\t\t\t\t\t\t\t\t\t<p>Master\u2019s Students:<\/p>\t\t\t\t\t\t\t\t<\/div>\n\t\t\t\t<\/div>\n\t\t\t\t<div class=\"elementor-element elementor-element-3e79fe1 elementor-widget elementor-widget-text-editor\" data-id=\"3e79fe1\" data-element_type=\"widget\" data-e-type=\"widget\" data-widget_type=\"text-editor.default\">\n\t\t\t\t<div class=\"elementor-widget-container\">\n\t\t\t\t\t\t\t\t\t<p><span style=\"font-weight: 400;\">Maxime Savoie, Master\u2019s Program, School of Optometry (UdeM), option: Visual Impairment and Rehabilitation (in progress)<\/span><\/p><p><span style=\"font-weight: 400;\">Justine Cornot, Master\u2019s Program, School of Optometry (UdeM), option: Visual Impairment and Rehabilitation (in progress)<\/span><\/p><p><span style=\"font-weight: 400;\">Faith Murray, Master\u2019s Project, School of Physical and Occupational Therapy (in progress)<\/span><\/p><p><span style=\"font-weight: 400;\">Sophie Tremblay, Master\u2019s Project, School of Physical and Occupational Therapy (in progress)<\/span><\/p><p><span style=\"font-weight: 400;\">Meghan Gallagher, Master\u2019s Project, School of Physical and Occupational Therapy (in progress)<\/span><\/p><p><span style=\"font-weight: 400;\">Michaela Field, Master\u2019s Project, School of Physical and Occupational Therapy (in progress)<\/span><\/p><p><span style=\"font-weight: 400;\">Supreet Kaur, Master\u2019s Program, School of Optometry (UdeM), option: Visual Impairment and Rehabilitation<\/span><\/p>\t\t\t\t\t\t\t\t<\/div>\n\t\t\t\t<\/div>\n\t\t\t\t<div class=\"elementor-element elementor-element-5ca4f98 elementor-widget elementor-widget-text-editor\" data-id=\"5ca4f98\" data-element_type=\"widget\" data-e-type=\"widget\" data-widget_type=\"text-editor.default\">\n\t\t\t\t<div class=\"elementor-widget-container\">\n\t\t\t\t\t\t\t\t\t<p>Research Assistants and Interns:<\/p>\t\t\t\t\t\t\t\t<\/div>\n\t\t\t\t<\/div>\n\t\t\t\t<div class=\"elementor-element elementor-element-d8e1656 elementor-widget elementor-widget-text-editor\" data-id=\"d8e1656\" data-element_type=\"widget\" data-e-type=\"widget\" data-widget_type=\"text-editor.default\">\n\t\t\t\t<div class=\"elementor-widget-container\">\n\t\t\t\t\t\t\t\t\t<p><span style=\"font-weight: 400;\">Naomi Caufield, Research Assistant (2024 \u2013 )<\/span><\/p><p><span style=\"font-weight: 400;\">Nawal Senoussaoui, Research Assistant (2025 \u2013 )<\/span><\/p><p><span style=\"font-weight: 400;\">Emma Head, Research Assistant (2025 \u2013 )<\/span><\/p><p><span style=\"font-weight: 400;\">Nathalie Naman, Research Assistant (2024 \u2013 ), Neurovision Projects<\/span><\/p><p><span style=\"font-weight: 400;\">Thomas Deveaux, Research Intership (2026 \u2013 )<\/span><\/p>\t\t\t\t\t\t\t\t<\/div>\n\t\t\t\t<\/div>\n\t\t\t\t<div class=\"elementor-element elementor-element-7183d9a elementor-widget elementor-widget-text-editor\" data-id=\"7183d9a\" data-element_type=\"widget\" data-e-type=\"widget\" data-widget_type=\"text-editor.default\">\n\t\t\t\t<div class=\"elementor-widget-container\">\n\t\t\t\t\t\t\t\t\t<p>Patient Partner:<\/p>\t\t\t\t\t\t\t\t<\/div>\n\t\t\t\t<\/div>\n\t\t\t\t<div class=\"elementor-element elementor-element-519f36a elementor-widget elementor-widget-text-editor\" data-id=\"519f36a\" data-element_type=\"widget\" data-e-type=\"widget\" data-widget_type=\"text-editor.default\">\n\t\t\t\t<div class=\"elementor-widget-container\">\n\t\t\t\t\t\t\t\t\t<p>Eileen Lavery<\/p>\t\t\t\t\t\t\t\t<\/div>\n\t\t\t\t<\/div>\n\t\t\t\t<div class=\"elementor-element elementor-element-b1908ef elementor-widget elementor-widget-text-editor\" data-id=\"b1908ef\" data-element_type=\"widget\" data-e-type=\"widget\" data-widget_type=\"text-editor.default\">\n\t\t\t\t<div class=\"elementor-widget-container\">\n\t\t\t\t\t\t\t\t\t<p>Volunteers:<\/p>\t\t\t\t\t\t\t\t<\/div>\n\t\t\t\t<\/div>\n\t\t\t\t<div class=\"elementor-element elementor-element-f3c91e6 elementor-widget elementor-widget-text-editor\" data-id=\"f3c91e6\" data-element_type=\"widget\" data-e-type=\"widget\" data-widget_type=\"text-editor.default\">\n\t\t\t\t<div class=\"elementor-widget-container\">\n\t\t\t\t\t\t\t\t\t<p><span style=\"font-weight: 400;\">Ivana Okaro<\/span><\/p><p><span style=\"font-weight: 400;\">Sara Marcantoni<\/span><\/p>\t\t\t\t\t\t\t\t<\/div>\n\t\t\t\t<\/div>\n\t\t\t\t<div class=\"elementor-element elementor-element-6efbea0 elementor-widget elementor-widget-spacer\" data-id=\"6efbea0\" data-element_type=\"widget\" data-e-type=\"widget\" data-widget_type=\"spacer.default\">\n\t\t\t\t<div class=\"elementor-widget-container\">\n\t\t\t\t\t\t\t<div class=\"elementor-spacer\">\n\t\t\t<div class=\"elementor-spacer-inner\"><\/div>\n\t\t<\/div>\n\t\t\t\t\t\t<\/div>\n\t\t\t\t<\/div>\n\t\t\t\t<div class=\"elementor-element elementor-element-d7f0547 elementor-widget elementor-widget-heading\" data-id=\"d7f0547\" data-element_type=\"widget\" data-e-type=\"widget\" data-widget_type=\"heading.default\">\n\t\t\t\t<div class=\"elementor-widget-container\">\n\t\t\t\t\t<h2 class=\"elementor-heading-title elementor-size-default\">Former Lab Members<\/h2>\t\t\t\t<\/div>\n\t\t\t\t<\/div>\n\t\t\t\t<div class=\"elementor-element elementor-element-cc149a2 elementor-widget elementor-widget-text-editor\" data-id=\"cc149a2\" data-element_type=\"widget\" data-e-type=\"widget\" data-widget_type=\"text-editor.default\">\n\t\t\t\t<div class=\"elementor-widget-container\">\n\t\t\t\t\t\t\t\t\t<p>Research Assistants and Interns:<\/p>\t\t\t\t\t\t\t\t<\/div>\n\t\t\t\t<\/div>\n\t\t\t\t<div class=\"elementor-element elementor-element-c152d01 elementor-widget elementor-widget-text-editor\" data-id=\"c152d01\" data-element_type=\"widget\" data-e-type=\"widget\" data-widget_type=\"text-editor.default\">\n\t\t\t\t<div class=\"elementor-widget-container\">\n\t\t\t\t\t\t\t\t\t<p>Supreet Kaur, Master\u2019s Program, School of Optometry (UdeM), option: Visual Impairment and Rehabilitation<br \/><br \/>Alexandre Gabriel Louren\u00e7o, Intern (2024 \u2013 2025)<\/p><p>Sara Hadjeres, Undergraduate Student in Neuroscience (2024), UdeM, COVID Project<\/p><p>Esther Kagayano, Research Internship (2024)<\/p><p>Laurence Lamontagne, Research Internship (2024)<\/p><p>Thomas Deveaux, Summer Intern (2023 \u2013 2025)<\/p>\t\t\t\t\t\t\t\t<\/div>\n\t\t\t\t<\/div>\n\t\t\t\t<div class=\"elementor-element elementor-element-5699172 elementor-widget elementor-widget-text-editor\" data-id=\"5699172\" data-element_type=\"widget\" data-e-type=\"widget\" data-widget_type=\"text-editor.default\">\n\t\t\t\t<div class=\"elementor-widget-container\">\n\t\t\t\t\t\t\t\t\t<p>Postdoctoral Fellows and Students:<\/p>\t\t\t\t\t\t\t\t<\/div>\n\t\t\t\t<\/div>\n\t\t\t\t<div class=\"elementor-element elementor-element-ee80c3d elementor-widget elementor-widget-text-editor\" data-id=\"ee80c3d\" data-element_type=\"widget\" data-e-type=\"widget\" data-widget_type=\"text-editor.default\">\n\t\t\t\t<div class=\"elementor-widget-container\">\n\t\t\t\t\t\t\t\t\t<p>Ang\u00e8le Sauzet, Master\u2019s Research in Cognitive Sciences, Universit\u00e9 Lyon 2 Lumi\u00e8re (2025)<br \/><br \/>Ana\u00eblle Debetz, University Diploma in Paramedical Research, Universit\u00e9 de Lyon (2024)<\/p><p>Mahboubeh Esmati, Master\u2019s Program, School of Optometry (UdeM), option: Visual Impairment and Rehabilitation (2024)<\/p><p>Romain Picot, Master\u2019s Program, Universit\u00e9 Paris-Est-Cr\u00e9teil (2024)<\/p><p>M\u00e9lanie D\u2019Amour, Master\u2019s Program, School of Optometry (UdeM) (2023)<\/p><p>Alexandrine Hamel, Master\u2019s Program, School of Optometry (UdeM) (2023)<\/p><p>Laeticia Lamothe, Master\u2019s Program, McGill University Occupational Therapy Program (2023)<\/p><p>Carla Massaro, Master\u2019s Program, McGill University Occupational Therapy Program (2023)<\/p><p>Daniel Smilovitch, Master\u2019s Program, McGill University Occupational Therapy Program (2023)<\/p><p>Abigail Begin, Master\u2019s Program, McGill University Occupational Therapy Program (2023)<\/p><p>Emma Baggio, Master\u2019s Program, McGill University Occupational Therapy Program (2023)<\/p><p>Cher Tien Ting, Master\u2019s Program, School of Optometry (UdeM) (2023)<\/p><p>Fran\u00e7ois Prats, Master\u2019s Program, Universit\u00e9 Paris-Est-Cr\u00e9teil (2023)<\/p><p>H\u00e9l\u00e8ne Cariteau, Master\u2019s Program, Universit\u00e9 Paris-Est-Cr\u00e9teil (2023)<\/p><p>Dahlia Haddad, Master\u2019s Program, McGill University Occupational Therapy Program (2021)<\/p><p>Sofia Di Caprio, Master\u2019s Program, McGill University Occupational Therapy Program (2021)<\/p><p>Fr\u00e9d\u00e9rik Cr\u00e9peau-Hubert, Master\u2019s Program, McGill University Occupational Therapy Program (2021)<\/p><p>Audrey Changya Baril, Master\u2019s Program, McGill University Occupational Therapy Program (2021)<\/p><p>Lissa Wanderley, Master\u2019s Program, School of Optometry (UdeM) (2021)<\/p>\t\t\t\t\t\t\t\t<\/div>\n\t\t\t\t<\/div>\n\t\t\t\t<div class=\"elementor-element elementor-element-15d97de elementor-widget elementor-widget-text-editor\" data-id=\"15d97de\" data-element_type=\"widget\" data-e-type=\"widget\" data-widget_type=\"text-editor.default\">\n\t\t\t\t<div class=\"elementor-widget-container\">\n\t\t\t\t\t\t\t\t\t<p>Volunteers:<\/p>\t\t\t\t\t\t\t\t<\/div>\n\t\t\t\t<\/div>\n\t\t\t\t<div class=\"elementor-element elementor-element-03b88c8 elementor-widget elementor-widget-text-editor\" data-id=\"03b88c8\" data-element_type=\"widget\" data-e-type=\"widget\" data-widget_type=\"text-editor.default\">\n\t\t\t\t<div class=\"elementor-widget-container\">\n\t\t\t\t\t\t\t\t\t<p>Chelsey-Audrey Nkori<br \/><br \/>Ariana Posca<\/p>\t\t\t\t\t\t\t\t<\/div>\n\t\t\t\t<\/div>\n\t\t\t\t<\/div>\n\t\t\t\t\t<\/div>\n\t\t\t\t<\/div>\n\t\t<div class=\"elementor-element elementor-element-e3cf3b1 e-flex e-con-boxed e-con e-parent\" data-id=\"e3cf3b1\" data-element_type=\"container\" data-e-type=\"container\">\n\t\t\t\t\t<div class=\"e-con-inner\">\n\t\t\t\t\t<\/div>\n\t\t\t\t<\/div>\n\t\t\t\t<\/div>\n\t\t","protected":false},"excerpt":{"rendered":"<p>Team Fr\u00e9d\u00e9rique Poncet, PhD, OT Erg. Laboratory Director Institutional researcher, Centre de r\u00e9adaptation Lethbridge-Layton-Mackay (CRLLM), CIUSSS du Centre-Ouest de l\u2019\u00cele-de-Montr\u00e9al Associate Professor, School of Physical &amp; Occupational Therapy, McGill University Associate Professor, School of Optometry, Universit\u00e9 de Montr\u00e9al LEARN MORE Lab Members Research Staff: Marie-Nadine Lamontagne, MSc GP, Project Coordinator, marie-nadine.lamontagne.ccomtl@ssss.gouv.qc.ca Cynthia Lasant\u00e9, Research Assistant [&hellip;]<\/p>\n","protected":false},"author":2,"featured_media":301,"parent":0,"menu_order":0,"comment_status":"closed","ping_status":"closed","template":"elementor_header_footer","meta":{"footnotes":""},"class_list":["post-2108","page","type-page","status-publish","has-post-thumbnail","hentry"],"_links":{"self":[{"href":"https:\/\/gusto-lab.com\/en\/wp-json\/wp\/v2\/pages\/2108","targetHints":{"allow":["GET"]}}],"collection":[{"href":"https:\/\/gusto-lab.com\/en\/wp-json\/wp\/v2\/pages"}],"about":[{"href":"https:\/\/gusto-lab.com\/en\/wp-json\/wp\/v2\/types\/page"}],"author":[{"embeddable":true,"href":"https:\/\/gusto-lab.com\/en\/wp-json\/wp\/v2\/users\/2"}],"replies":[{"embeddable":true,"href":"https:\/\/gusto-lab.com\/en\/wp-json\/wp\/v2\/comments?post=2108"}],"version-history":[{"count":8,"href":"https:\/\/gusto-lab.com\/en\/wp-json\/wp\/v2\/pages\/2108\/revisions"}],"predecessor-version":[{"id":2219,"href":"https:\/\/gusto-lab.com\/en\/wp-json\/wp\/v2\/pages\/2108\/revisions\/2219"}],"wp:featuredmedia":[{"embeddable":true,"href":"https:\/\/gusto-lab.com\/en\/wp-json\/wp\/v2\/media\/301"}],"wp:attachment":[{"href":"https:\/\/gusto-lab.com\/en\/wp-json\/wp\/v2\/media?parent=2108"}],"curies":[{"name":"wp","href":"https:\/\/api.w.org\/{rel}","templated":true}]}}